{"id":9300,"date":"2024-07-31T12:38:31","date_gmt":"2024-07-31T12:38:31","guid":{"rendered":"http:\/\/boreal-plus.ro\/lifestyle\/"},"modified":"2024-08-29T06:27:49","modified_gmt":"2024-08-29T06:27:49","slug":"lifestyle","status":"publish","type":"page","link":"https:\/\/boreal-plus.ro\/en\/lifestyle\/","title":{"rendered":"Lifestyle"},"content":{"rendered":"<div data-elementor-type=\"wp-page\" data-elementor-id=\"9300\" class=\"elementor elementor-9300\" data-elementor-post-type=\"page\">\n\t\t\t\t<div class=\"elementor-element elementor-element-9c70ecf e-con-full e-flex e-con e-parent\" data-id=\"9c70ecf\" data-element_type=\"container\" data-e-type=\"container\" data-settings=\"{&quot;background_background&quot;:&quot;classic&quot;}\">\n\t\t<div data-dce-background-overlay-color=\"#1E1E1E00\" data-dce-background-image-url=\"http:\/\/boreal-plus.ro\/wp-content\/uploads\/2021\/02\/foto-lifestyle-1.jpg\" class=\"elementor-element elementor-element-e934167 e-con-full e-flex e-con e-child\" data-id=\"e934167\" data-element_type=\"container\" data-e-type=\"container\" data-settings=\"{&quot;background_background&quot;:&quot;classic&quot;}\">\n\t\t<div data-dce-background-color=\"#B38F79DB\" class=\"elementor-element elementor-element-03921ae e-flex e-con-boxed e-con e-child\" data-id=\"03921ae\" data-element_type=\"container\" data-e-type=\"container\" data-settings=\"{&quot;background_background&quot;:&quot;gradient&quot;}\">\n\t\t\t\t\t<div class=\"e-con-inner\">\n\t\t\t\t<div class=\"elementor-element elementor-element-78a0072 elementor-widget elementor-widget-heading\" data-id=\"78a0072\" data-element_type=\"widget\" data-e-type=\"widget\" data-widget_type=\"heading.default\">\n\t\t\t\t<div class=\"elementor-widget-container\">\n\t\t\t\t\t<h1 class=\"elementor-heading-title elementor-size-default\">Lifestyle in BOREAL Plus<\/h1>\t\t\t\t<\/div>\n\t\t\t\t<\/div>\n\t\t\t\t\t<\/div>\n\t\t\t\t<\/div>\n\t\t\t\t<\/div>\n\t\t\t\t<\/div>\n\t\t<div class=\"elementor-element elementor-element-20740b5 e-flex e-con-boxed e-con e-parent\" data-id=\"20740b5\" data-element_type=\"container\" data-e-type=\"container\">\n\t\t\t\t\t<div class=\"e-con-inner\">\n\t\t<div class=\"elementor-element elementor-element-3acbd0e e-con-full e-flex e-con e-child\" data-id=\"3acbd0e\" data-element_type=\"container\" data-e-type=\"container\">\n\t\t\t\t<div class=\"elementor-element elementor-element-d69a379 elementor-widget elementor-widget-heading\" data-id=\"d69a379\" data-element_type=\"widget\" data-e-type=\"widget\" data-widget_type=\"heading.default\">\n\t\t\t\t<div class=\"elementor-widget-container\">\n\t\t\t\t\t<h2 class=\"elementor-heading-title elementor-size-default\">BOREAL PLUS means harmony and comfort<\/h2>\t\t\t\t<\/div>\n\t\t\t\t<\/div>\n\t\t\t\t<div class=\"elementor-element elementor-element-f85f322 elementor-widget elementor-widget-text-editor\" data-id=\"f85f322\" data-element_type=\"widget\" data-e-type=\"widget\" data-widget_type=\"text-editor.default\">\n\t\t\t\t<div class=\"elementor-widget-container\">\n\t\t\t\t\t\t\t\t\t<p>Embrace a lifestyle with added comfort: from the excellent location, to the fresh air with hints of sea breeze, and all the amenities you can benefit from close to your home. Enjoy more tranquility and relaxation without the stress of frequent trips outside the complex.<\/p><p>You have more time for yourself and your favorite activities because at BOREAL Plus, you benefit from a hypermarket nearby, commercial spaces, a sports field, a park with playgrounds, and a kindergarten. And if you choose the upper floors, you get a bonus: a panoramic view that invites you to spend more time by the window or on the spacious terrace, enjoying the sunrise and a panoramic view, with the horizon line potentially reaching the sea.<\/p>\t\t\t\t\t\t\t\t<\/div>\n\t\t\t\t<\/div>\n\t\t\t\t<\/div>\n\t\t\t\t\t<\/div>\n\t\t\t\t<\/div>\n\t\t<div class=\"elementor-element elementor-element-81ad938 e-flex e-con-boxed e-con e-parent\" data-id=\"81ad938\" data-element_type=\"container\" data-e-type=\"container\">\n\t\t\t\t\t<div class=\"e-con-inner\">\n\t\t<div class=\"elementor-element elementor-element-96b51a9 e-con-full e-flex e-con e-child\" data-id=\"96b51a9\" data-element_type=\"container\" data-e-type=\"container\">\n\t\t<div class=\"elementor-element elementor-element-383cb25 e-con-full e-flex e-con e-child\" data-id=\"383cb25\" data-element_type=\"container\" data-e-type=\"container\">\n\t\t<div class=\"elementor-element elementor-element-a548461 e-con-full e-flex e-con e-child\" data-id=\"a548461\" data-element_type=\"container\" data-e-type=\"container\">\n\t\t\t\t<div class=\"elementor-element elementor-element-75138dd elementor-widget elementor-widget-heading\" data-id=\"75138dd\" data-element_type=\"widget\" data-e-type=\"widget\" data-widget_type=\"heading.default\">\n\t\t\t\t<div class=\"elementor-widget-container\">\n\t\t\t\t\t<h2 class=\"elementor-heading-title elementor-size-default\">You\u2019re in the right place, Home!<\/h2>\t\t\t\t<\/div>\n\t\t\t\t<\/div>\n\t\t\t\t<div class=\"elementor-element elementor-element-d8d4405 elementor-widget-tablet__width-inherit elementor-hidden-desktop dce_masking-none elementor-widget elementor-widget-image\" data-id=\"d8d4405\" data-element_type=\"widget\" data-e-type=\"widget\" data-widget_type=\"image.default\">\n\t\t\t\t<div class=\"elementor-widget-container\">\n\t\t\t\t\t\t\t\t\t\t\t\t\t\t\t<img fetchpriority=\"high\" decoding=\"async\" width=\"1080\" height=\"1080\" src=\"https:\/\/boreal-plus.ro\/wp-content\/uploads\/2024\/08\/interior-apartament-boreal.png\" class=\"attachment-full size-full wp-image-12951\" alt=\"\" srcset=\"https:\/\/boreal-plus.ro\/wp-content\/uploads\/2024\/08\/interior-apartament-boreal.png 1080w, https:\/\/boreal-plus.ro\/wp-content\/uploads\/2024\/08\/interior-apartament-boreal-300x300.png 300w, https:\/\/boreal-plus.ro\/wp-content\/uploads\/2024\/08\/interior-apartament-boreal-1024x1024.png 1024w, https:\/\/boreal-plus.ro\/wp-content\/uploads\/2024\/08\/interior-apartament-boreal-150x150.png 150w, https:\/\/boreal-plus.ro\/wp-content\/uploads\/2024\/08\/interior-apartament-boreal-768x768.png 768w, https:\/\/boreal-plus.ro\/wp-content\/uploads\/2024\/08\/interior-apartament-boreal-12x12.png 12w\" sizes=\"(max-width: 1080px) 100vw, 1080px\" \/>\t\t\t\t\t\t\t\t\t\t\t\t\t\t\t<\/div>\n\t\t\t\t<\/div>\n\t\t\t\t<div class=\"elementor-element elementor-element-440be12 elementor-widget elementor-widget-text-editor\" data-id=\"440be12\" data-element_type=\"widget\" data-e-type=\"widget\" data-widget_type=\"text-editor.default\">\n\t\t\t\t<div class=\"elementor-widget-container\">\n\t\t\t\t\t\t\t\t\t<p>Home is more than just a place; it\u2019s your personal sanctuary, a space where you retreat to find comfort and tranquility, arranged exactly as you wish. At BOREAL Plus, this concept comes to life in a community designed to offer the perfect balance between the serenity of nature and urban accessibility, situated in a secluded area away from the city\u2019s bustle. The neighborhood ensures easy access to Constan\u021ba\u2019s main points of interest, providing everything you need within a short distance.<\/p><p>In the heart of the BOREAL Plus neighborhood, you'll find meticulously landscaped green spaces, providing you with a perfect natural setting for relaxation and recreation. Studies show that people living near green spaces have a better quality of life, and BOREAL Plus allows you to integrate into your daily routine a walk in the park, along Lake Siutghiol, or even on the beach, just 15 minutes away by car.<\/p>\t\t\t\t\t\t\t\t<\/div>\n\t\t\t\t<\/div>\n\t\t\t\t<\/div>\n\t\t<div class=\"elementor-element elementor-element-514424c e-con-full e-flex e-con e-child\" data-id=\"514424c\" data-element_type=\"container\" data-e-type=\"container\">\n\t\t\t\t<div class=\"elementor-element elementor-element-fc0f3b3 elementor-widget-tablet__width-inherit elementor-hidden-tablet elementor-hidden-mobile dce_masking-none elementor-widget elementor-widget-image\" data-id=\"fc0f3b3\" data-element_type=\"widget\" data-e-type=\"widget\" data-widget_type=\"image.default\">\n\t\t\t\t<div class=\"elementor-widget-container\">\n\t\t\t\t\t\t\t\t\t\t\t\t\t\t\t<img fetchpriority=\"high\" decoding=\"async\" width=\"1080\" height=\"1080\" src=\"https:\/\/boreal-plus.ro\/wp-content\/uploads\/2024\/08\/interior-apartament-boreal.png\" class=\"attachment-full size-full wp-image-12951\" alt=\"\" srcset=\"https:\/\/boreal-plus.ro\/wp-content\/uploads\/2024\/08\/interior-apartament-boreal.png 1080w, https:\/\/boreal-plus.ro\/wp-content\/uploads\/2024\/08\/interior-apartament-boreal-300x300.png 300w, https:\/\/boreal-plus.ro\/wp-content\/uploads\/2024\/08\/interior-apartament-boreal-1024x1024.png 1024w, https:\/\/boreal-plus.ro\/wp-content\/uploads\/2024\/08\/interior-apartament-boreal-150x150.png 150w, https:\/\/boreal-plus.ro\/wp-content\/uploads\/2024\/08\/interior-apartament-boreal-768x768.png 768w, https:\/\/boreal-plus.ro\/wp-content\/uploads\/2024\/08\/interior-apartament-boreal-12x12.png 12w\" sizes=\"(max-width: 1080px) 100vw, 1080px\" \/>\t\t\t\t\t\t\t\t\t\t\t\t\t\t\t<\/div>\n\t\t\t\t<\/div>\n\t\t\t\t<\/div>\n\t\t\t\t<\/div>\n\t\t\t\t<\/div>\n\t\t\t\t\t<\/div>\n\t\t\t\t<\/div>\n\t\t<div class=\"elementor-element elementor-element-4e82624 e-flex e-con-boxed e-con e-parent\" data-id=\"4e82624\" data-element_type=\"container\" data-e-type=\"container\">\n\t\t\t\t\t<div class=\"e-con-inner\">\n\t\t<div class=\"elementor-element elementor-element-5debbd2 e-con-full e-flex e-con e-child\" data-id=\"5debbd2\" data-element_type=\"container\" data-e-type=\"container\">\n\t\t<div class=\"elementor-element elementor-element-b246c14 e-con-full e-flex e-con e-child\" data-id=\"b246c14\" data-element_type=\"container\" data-e-type=\"container\">\n\t\t<div class=\"elementor-element elementor-element-02fd33d e-con-full e-flex e-con e-child\" data-id=\"02fd33d\" data-element_type=\"container\" data-e-type=\"container\">\n\t\t\t\t<div class=\"elementor-element elementor-element-bb98121 elementor-widget elementor-widget-heading\" data-id=\"bb98121\" data-element_type=\"widget\" data-e-type=\"widget\" data-widget_type=\"heading.default\">\n\t\t\t\t<div class=\"elementor-widget-container\">\n\t\t\t\t\t<h2 class=\"elementor-heading-title elementor-size-default\">Ideal for everyone<\/h2>\t\t\t\t<\/div>\n\t\t\t\t<\/div>\n\t\t\t\t<div class=\"elementor-element elementor-element-1dba7cb elementor-widget-tablet__width-inherit elementor-hidden-desktop dce_masking-none elementor-widget elementor-widget-image\" data-id=\"1dba7cb\" data-element_type=\"widget\" data-e-type=\"widget\" data-widget_type=\"image.default\">\n\t\t\t\t<div class=\"elementor-widget-container\">\n\t\t\t\t\t\t\t\t\t\t\t\t\t\t\t<img decoding=\"async\" width=\"1080\" height=\"1080\" src=\"https:\/\/boreal-plus.ro\/wp-content\/uploads\/2024\/08\/blocuri-si-case-boreal-constanta.png\" class=\"attachment-full size-full wp-image-12944\" alt=\"blocuri si case boreal constanta\" srcset=\"https:\/\/boreal-plus.ro\/wp-content\/uploads\/2024\/08\/blocuri-si-case-boreal-constanta.png 1080w, https:\/\/boreal-plus.ro\/wp-content\/uploads\/2024\/08\/blocuri-si-case-boreal-constanta-300x300.png 300w, https:\/\/boreal-plus.ro\/wp-content\/uploads\/2024\/08\/blocuri-si-case-boreal-constanta-1024x1024.png 1024w, https:\/\/boreal-plus.ro\/wp-content\/uploads\/2024\/08\/blocuri-si-case-boreal-constanta-150x150.png 150w, https:\/\/boreal-plus.ro\/wp-content\/uploads\/2024\/08\/blocuri-si-case-boreal-constanta-768x768.png 768w, https:\/\/boreal-plus.ro\/wp-content\/uploads\/2024\/08\/blocuri-si-case-boreal-constanta-12x12.png 12w\" sizes=\"(max-width: 1080px) 100vw, 1080px\" \/>\t\t\t\t\t\t\t\t\t\t\t\t\t\t\t<\/div>\n\t\t\t\t<\/div>\n\t\t\t\t<div class=\"elementor-element elementor-element-6c39aba elementor-widget elementor-widget-text-editor\" data-id=\"6c39aba\" data-element_type=\"widget\" data-e-type=\"widget\" data-widget_type=\"text-editor.default\">\n\t\t\t\t<div class=\"elementor-widget-container\">\n\t\t\t\t\t\t\t\t\t<p>BOREAL Plus is an ideal choice, offering a safe and friendly environment with a park featuring modern playgrounds for children. Safety and comfort are priorities, and these amenities contribute to a balanced and worry-free lifestyle.<\/p><p>In addition to modern and well-designed homes, the BOREAL Plus complex is complemented by a diverse range of services and facilities that align with the needs of a high-quality urban life. From generous parking and storage units to commercial spaces, everything is designed to simplify your daily life.<\/p><p>Shopping, a necessary yet relaxing activity, becomes more enjoyable and efficient when you have stores close to home. The nearby commercial spaces allow you to reduce the time spent on shopping, giving you more time for yourself and your family. BOREAL Plus offers not just a home, but a modern, comfortable, and balanced lifestyle.<\/p>\t\t\t\t\t\t\t\t<\/div>\n\t\t\t\t<\/div>\n\t\t\t\t<\/div>\n\t\t<div class=\"elementor-element elementor-element-a15d94e e-con-full e-flex e-con e-child\" data-id=\"a15d94e\" data-element_type=\"container\" data-e-type=\"container\">\n\t\t\t\t<div class=\"elementor-element elementor-element-b824875 elementor-widget-tablet__width-inherit elementor-hidden-tablet elementor-hidden-mobile dce_masking-none elementor-widget elementor-widget-image\" data-id=\"b824875\" data-element_type=\"widget\" data-e-type=\"widget\" data-widget_type=\"image.default\">\n\t\t\t\t<div class=\"elementor-widget-container\">\n\t\t\t\t\t\t\t\t\t\t\t\t\t\t\t<img decoding=\"async\" width=\"1080\" height=\"1080\" src=\"https:\/\/boreal-plus.ro\/wp-content\/uploads\/2024\/08\/blocuri-si-case-boreal-constanta.png\" class=\"attachment-full size-full wp-image-12944\" alt=\"blocuri si case boreal constanta\" srcset=\"https:\/\/boreal-plus.ro\/wp-content\/uploads\/2024\/08\/blocuri-si-case-boreal-constanta.png 1080w, https:\/\/boreal-plus.ro\/wp-content\/uploads\/2024\/08\/blocuri-si-case-boreal-constanta-300x300.png 300w, https:\/\/boreal-plus.ro\/wp-content\/uploads\/2024\/08\/blocuri-si-case-boreal-constanta-1024x1024.png 1024w, https:\/\/boreal-plus.ro\/wp-content\/uploads\/2024\/08\/blocuri-si-case-boreal-constanta-150x150.png 150w, https:\/\/boreal-plus.ro\/wp-content\/uploads\/2024\/08\/blocuri-si-case-boreal-constanta-768x768.png 768w, https:\/\/boreal-plus.ro\/wp-content\/uploads\/2024\/08\/blocuri-si-case-boreal-constanta-12x12.png 12w\" sizes=\"(max-width: 1080px) 100vw, 1080px\" \/>\t\t\t\t\t\t\t\t\t\t\t\t\t\t\t<\/div>\n\t\t\t\t<\/div>\n\t\t\t\t<\/div>\n\t\t\t\t<\/div>\n\t\t\t\t<\/div>\n\t\t\t\t\t<\/div>\n\t\t\t\t<\/div>\n\t\t<div class=\"elementor-element elementor-element-ced137b e-flex e-con-boxed e-con e-parent\" data-id=\"ced137b\" data-element_type=\"container\" data-e-type=\"container\">\n\t\t\t\t\t<div class=\"e-con-inner\">\n\t\t<div class=\"elementor-element elementor-element-12b5537 e-grid e-con-full e-con e-child\" data-id=\"12b5537\" data-element_type=\"container\" data-e-type=\"container\">\n\t\t\t\t<div class=\"elementor-element elementor-element-03a93b0 elementor-widget__width-auto elementor-align-center elementor-widget elementor-widget-button\" data-id=\"03a93b0\" data-element_type=\"widget\" data-e-type=\"widget\" data-widget_type=\"button.default\">\n\t\t\t\t<div class=\"elementor-widget-container\">\n\t\t\t\t\t\t\t\t\t<div class=\"elementor-button-wrapper\">\n\t\t\t\t\t<a class=\"elementor-button elementor-button-link elementor-size-sm\" href=\"https:\/\/boreal-plus.ro\/en\/apartments\/\">\n\t\t\t\t\t\t<span class=\"elementor-button-content-wrapper\">\n\t\t\t\t\t\t\t\t\t<span class=\"elementor-button-text\">DISCOVER the Apartments<\/span>\n\t\t\t\t\t<\/span>\n\t\t\t\t\t<\/a>\n\t\t\t\t<\/div>\n\t\t\t\t\t\t\t\t<\/div>\n\t\t\t\t<\/div>\n\t\t\t\t<div class=\"elementor-element elementor-element-59ddee5 elementor-widget__width-auto elementor-align-center elementor-widget elementor-widget-button\" data-id=\"59ddee5\" data-element_type=\"widget\" data-e-type=\"widget\" data-widget_type=\"button.default\">\n\t\t\t\t<div class=\"elementor-widget-container\">\n\t\t\t\t\t\t\t\t\t<div class=\"elementor-button-wrapper\">\n\t\t\t\t\t<a class=\"elementor-button elementor-button-link elementor-size-sm\" href=\"https:\/\/boreal-plus.ro\/en\/houses\/\">\n\t\t\t\t\t\t<span class=\"elementor-button-content-wrapper\">\n\t\t\t\t\t\t\t\t\t<span class=\"elementor-button-text\">DISCOVER the Houses<\/span>\n\t\t\t\t\t<\/span>\n\t\t\t\t\t<\/a>\n\t\t\t\t<\/div>\n\t\t\t\t\t\t\t\t<\/div>\n\t\t\t\t<\/div>\n\t\t\t\t<\/div>\n\t\t\t\t\t<\/div>\n\t\t\t\t<\/div>\n\t\t\t\t<\/div>","protected":false},"excerpt":{"rendered":"<p>Lifestyle \u00een BOREAL Plus BOREAL PLUS \u00eenseamn\u0103 armonie \u0219i confort \u00cembr\u0103\u021bi\u0219eaz\u0103 un stil de via\u021b\u0103 cu un plus de confort: de la pozi\u021bionarea excelent\u0103, la aerul curat cu adieri ale brizei m\u0103rii \u0219i toate facilit\u0103\u021bile de care po\u021bi beneficia aproape de locuin\u021b\u0103. Mai mult\u0103 lini\u0219te \u0219i relaxare, f\u0103r\u0103 stresul drumurilor dese \u00een afara ansamblului. Ai [&hellip;]<\/p>\n","protected":false},"author":6,"featured_media":8367,"parent":0,"menu_order":0,"comment_status":"closed","ping_status":"closed","template":"","meta":{"footnotes":""},"class_list":["post-9300","page","type-page","status-publish","has-post-thumbnail","hentry"],"yoast_head":"<!-- This site is optimized with the Yoast SEO plugin v27.3 - https:\/\/yoast.com\/product\/yoast-seo-wordpress\/ -->\n<title>Lifestyle \u00een Boreal Plus Constan\u021ba<\/title>\n<meta name=\"description\" content=\"Descoper\u0103 un lifestyle modern \u0219i confortabil \u00een Boreal Plus Constan\u021ba. Bucur\u0103-te de calitate \u0219i de facilit\u0103\u021bile oferite!\" \/>\n<meta name=\"robots\" content=\"index, follow, max-snippet:-1, max-image-preview:large, max-video-preview:-1\" \/>\n<link rel=\"canonical\" href=\"https:\/\/boreal-plus.ro\/en\/lifestyle\/\" \/>\n<meta property=\"og:locale\" content=\"en_US\" \/>\n<meta property=\"og:type\" content=\"article\" \/>\n<meta property=\"og:title\" content=\"Lifestyle \u00een Boreal Plus Constan\u021ba\" \/>\n<meta property=\"og:description\" content=\"Descoper\u0103 un lifestyle modern \u0219i confortabil \u00een Boreal Plus Constan\u021ba. Bucur\u0103-te de calitate \u0219i de facilit\u0103\u021bile oferite!\" \/>\n<meta property=\"og:url\" content=\"https:\/\/boreal-plus.ro\/en\/lifestyle\/\" \/>\n<meta property=\"og:site_name\" content=\"Boreal Plus\" \/>\n<meta property=\"article:modified_time\" content=\"2024-08-29T06:27:49+00:00\" \/>\n<meta property=\"og:image\" content=\"https:\/\/boreal-plus.ro\/wp-content\/uploads\/2021\/02\/foto-lifestyle-1.jpg\" \/>\n\t<meta property=\"og:image:width\" content=\"2000\" \/>\n\t<meta property=\"og:image:height\" content=\"1333\" \/>\n\t<meta property=\"og:image:type\" content=\"image\/jpeg\" \/>\n<meta name=\"twitter:card\" content=\"summary_large_image\" \/>\n<meta name=\"twitter:label1\" content=\"Est. reading time\" \/>\n\t<meta name=\"twitter:data1\" content=\"3 minutes\" \/>\n<script type=\"application\/ld+json\" class=\"yoast-schema-graph\">{\"@context\":\"https:\\\/\\\/schema.org\",\"@graph\":[{\"@type\":\"WebPage\",\"@id\":\"https:\\\/\\\/boreal-plus.ro\\\/lifestyle\\\/\",\"url\":\"https:\\\/\\\/boreal-plus.ro\\\/lifestyle\\\/\",\"name\":\"Lifestyle \u00een Boreal Plus Constan\u021ba\",\"isPartOf\":{\"@id\":\"https:\\\/\\\/boreal-plus.ro\\\/#website\"},\"primaryImageOfPage\":{\"@id\":\"https:\\\/\\\/boreal-plus.ro\\\/lifestyle\\\/#primaryimage\"},\"image\":{\"@id\":\"https:\\\/\\\/boreal-plus.ro\\\/lifestyle\\\/#primaryimage\"},\"thumbnailUrl\":\"https:\\\/\\\/boreal-plus.ro\\\/wp-content\\\/uploads\\\/2021\\\/02\\\/foto-lifestyle-1.jpg\",\"datePublished\":\"2024-07-31T12:38:31+00:00\",\"dateModified\":\"2024-08-29T06:27:49+00:00\",\"description\":\"Descoper\u0103 un lifestyle modern \u0219i confortabil \u00een Boreal Plus Constan\u021ba. Bucur\u0103-te de calitate \u0219i de facilit\u0103\u021bile oferite!\",\"breadcrumb\":{\"@id\":\"https:\\\/\\\/boreal-plus.ro\\\/lifestyle\\\/#breadcrumb\"},\"inLanguage\":\"en-US\",\"potentialAction\":[{\"@type\":\"ReadAction\",\"target\":[\"https:\\\/\\\/boreal-plus.ro\\\/lifestyle\\\/\"]}]},{\"@type\":\"ImageObject\",\"inLanguage\":\"en-US\",\"@id\":\"https:\\\/\\\/boreal-plus.ro\\\/lifestyle\\\/#primaryimage\",\"url\":\"https:\\\/\\\/boreal-plus.ro\\\/wp-content\\\/uploads\\\/2021\\\/02\\\/foto-lifestyle-1.jpg\",\"contentUrl\":\"https:\\\/\\\/boreal-plus.ro\\\/wp-content\\\/uploads\\\/2021\\\/02\\\/foto-lifestyle-1.jpg\",\"width\":2000,\"height\":1333,\"caption\":\"lifestyle \u00een Boreal Plus\"},{\"@type\":\"BreadcrumbList\",\"@id\":\"https:\\\/\\\/boreal-plus.ro\\\/lifestyle\\\/#breadcrumb\",\"itemListElement\":[{\"@type\":\"ListItem\",\"position\":1,\"name\":\"Home\",\"item\":\"https:\\\/\\\/boreal-plus.ro\\\/\"},{\"@type\":\"ListItem\",\"position\":2,\"name\":\"Lifestyle\"}]},{\"@type\":\"WebSite\",\"@id\":\"https:\\\/\\\/boreal-plus.ro\\\/#website\",\"url\":\"https:\\\/\\\/boreal-plus.ro\\\/\",\"name\":\"Boreal Plus\",\"description\":\"Apartamente \u0219i case de v\u00e2nzare BOREAL Constan\u021ba\",\"publisher\":{\"@id\":\"https:\\\/\\\/boreal-plus.ro\\\/#organization\"},\"potentialAction\":[{\"@type\":\"SearchAction\",\"target\":{\"@type\":\"EntryPoint\",\"urlTemplate\":\"https:\\\/\\\/boreal-plus.ro\\\/?s={search_term_string}\"},\"query-input\":{\"@type\":\"PropertyValueSpecification\",\"valueRequired\":true,\"valueName\":\"search_term_string\"}}],\"inLanguage\":\"en-US\"},{\"@type\":\"Organization\",\"@id\":\"https:\\\/\\\/boreal-plus.ro\\\/#organization\",\"name\":\"Boreal Plus\",\"url\":\"https:\\\/\\\/boreal-plus.ro\\\/\",\"logo\":{\"@type\":\"ImageObject\",\"inLanguage\":\"en-US\",\"@id\":\"https:\\\/\\\/boreal-plus.ro\\\/#\\\/schema\\\/logo\\\/image\\\/\",\"url\":\"\",\"contentUrl\":\"\",\"caption\":\"Boreal Plus\"},\"image\":{\"@id\":\"https:\\\/\\\/boreal-plus.ro\\\/#\\\/schema\\\/logo\\\/image\\\/\"}}]}<\/script>\n<!-- \/ Yoast SEO plugin. -->","yoast_head_json":{"title":"Lifestyle \u00een Boreal Plus Constan\u021ba","description":"Descoper\u0103 un lifestyle modern \u0219i confortabil \u00een Boreal Plus Constan\u021ba. Bucur\u0103-te de calitate \u0219i de facilit\u0103\u021bile oferite!","robots":{"index":"index","follow":"follow","max-snippet":"max-snippet:-1","max-image-preview":"max-image-preview:large","max-video-preview":"max-video-preview:-1"},"canonical":"https:\/\/boreal-plus.ro\/en\/lifestyle\/","og_locale":"en_US","og_type":"article","og_title":"Lifestyle \u00een Boreal Plus Constan\u021ba","og_description":"Descoper\u0103 un lifestyle modern \u0219i confortabil \u00een Boreal Plus Constan\u021ba. Bucur\u0103-te de calitate \u0219i de facilit\u0103\u021bile oferite!","og_url":"https:\/\/boreal-plus.ro\/en\/lifestyle\/","og_site_name":"Boreal Plus","article_modified_time":"2024-08-29T06:27:49+00:00","og_image":[{"width":2000,"height":1333,"url":"https:\/\/boreal-plus.ro\/wp-content\/uploads\/2021\/02\/foto-lifestyle-1.jpg","type":"image\/jpeg"}],"twitter_card":"summary_large_image","twitter_misc":{"Est. reading time":"3 minutes"},"schema":{"@context":"https:\/\/schema.org","@graph":[{"@type":"WebPage","@id":"https:\/\/boreal-plus.ro\/lifestyle\/","url":"https:\/\/boreal-plus.ro\/lifestyle\/","name":"Lifestyle \u00een Boreal Plus Constan\u021ba","isPartOf":{"@id":"https:\/\/boreal-plus.ro\/#website"},"primaryImageOfPage":{"@id":"https:\/\/boreal-plus.ro\/lifestyle\/#primaryimage"},"image":{"@id":"https:\/\/boreal-plus.ro\/lifestyle\/#primaryimage"},"thumbnailUrl":"https:\/\/boreal-plus.ro\/wp-content\/uploads\/2021\/02\/foto-lifestyle-1.jpg","datePublished":"2024-07-31T12:38:31+00:00","dateModified":"2024-08-29T06:27:49+00:00","description":"Descoper\u0103 un lifestyle modern \u0219i confortabil \u00een Boreal Plus Constan\u021ba. Bucur\u0103-te de calitate \u0219i de facilit\u0103\u021bile oferite!","breadcrumb":{"@id":"https:\/\/boreal-plus.ro\/lifestyle\/#breadcrumb"},"inLanguage":"en-US","potentialAction":[{"@type":"ReadAction","target":["https:\/\/boreal-plus.ro\/lifestyle\/"]}]},{"@type":"ImageObject","inLanguage":"en-US","@id":"https:\/\/boreal-plus.ro\/lifestyle\/#primaryimage","url":"https:\/\/boreal-plus.ro\/wp-content\/uploads\/2021\/02\/foto-lifestyle-1.jpg","contentUrl":"https:\/\/boreal-plus.ro\/wp-content\/uploads\/2021\/02\/foto-lifestyle-1.jpg","width":2000,"height":1333,"caption":"lifestyle \u00een Boreal Plus"},{"@type":"BreadcrumbList","@id":"https:\/\/boreal-plus.ro\/lifestyle\/#breadcrumb","itemListElement":[{"@type":"ListItem","position":1,"name":"Home","item":"https:\/\/boreal-plus.ro\/"},{"@type":"ListItem","position":2,"name":"Lifestyle"}]},{"@type":"WebSite","@id":"https:\/\/boreal-plus.ro\/#website","url":"https:\/\/boreal-plus.ro\/","name":"Boreal Plus","description":"Apartments and houses for sale BOREAL Constan\u021ba","publisher":{"@id":"https:\/\/boreal-plus.ro\/#organization"},"potentialAction":[{"@type":"SearchAction","target":{"@type":"EntryPoint","urlTemplate":"https:\/\/boreal-plus.ro\/?s={search_term_string}"},"query-input":{"@type":"PropertyValueSpecification","valueRequired":true,"valueName":"search_term_string"}}],"inLanguage":"en-US"},{"@type":"Organization","@id":"https:\/\/boreal-plus.ro\/#organization","name":"Boreal Plus","url":"https:\/\/boreal-plus.ro\/","logo":{"@type":"ImageObject","inLanguage":"en-US","@id":"https:\/\/boreal-plus.ro\/#\/schema\/logo\/image\/","url":"","contentUrl":"","caption":"Boreal Plus"},"image":{"@id":"https:\/\/boreal-plus.ro\/#\/schema\/logo\/image\/"}}]}},"_links":{"self":[{"href":"https:\/\/boreal-plus.ro\/en\/wp-json\/wp\/v2\/pages\/9300","targetHints":{"allow":["GET"]}}],"collection":[{"href":"https:\/\/boreal-plus.ro\/en\/wp-json\/wp\/v2\/pages"}],"about":[{"href":"https:\/\/boreal-plus.ro\/en\/wp-json\/wp\/v2\/types\/page"}],"author":[{"embeddable":true,"href":"https:\/\/boreal-plus.ro\/en\/wp-json\/wp\/v2\/users\/6"}],"replies":[{"embeddable":true,"href":"https:\/\/boreal-plus.ro\/en\/wp-json\/wp\/v2\/comments?post=9300"}],"version-history":[{"count":0,"href":"https:\/\/boreal-plus.ro\/en\/wp-json\/wp\/v2\/pages\/9300\/revisions"}],"wp:featuredmedia":[{"embeddable":true,"href":"https:\/\/boreal-plus.ro\/en\/wp-json\/wp\/v2\/media\/8367"}],"wp:attachment":[{"href":"https:\/\/boreal-plus.ro\/en\/wp-json\/wp\/v2\/media?parent=9300"}],"curies":[{"name":"wp","href":"https:\/\/api.w.org\/{rel}","templated":true}]}}