{"id":8570,"date":"2021-04-16T13:03:40","date_gmt":"2021-04-16T13:03:40","guid":{"rendered":"http:\/\/boreal-plus.ro\/?page_id=8570"},"modified":"2021-04-21T13:07:40","modified_gmt":"2021-04-21T13:07:40","slug":"virtual-tour-2","status":"publish","type":"page","link":"https:\/\/boreal-plus.ro\/en\/tur-virtual\/","title":{"rendered":"Tur Virtual"},"content":{"rendered":"<p style=\"text-indent: 25px;\">Se spune c\u0103 sim\u021bim atunci c\u00e2nd vedem ceva ce este menit s\u0103 fie al nostru, \u00a0motiv pentru care te invit\u0103m s\u0103 faci o plimbare virtual\u0103 prin Boreal Plus, ca \u00eentr-o incursiune \u00een viitoarea ta locuin\u021b\u0103, c\u0103reia \u00eei vei spune ACAS\u0102.<\/p>\n<p style=\"text-indent: 25px;\">Compartiment\u0103ri care favorizeaz\u0103 activit\u0103\u021bile de peste zi, dot\u0103ri \u0219i facilit\u0103\u021bi menite s\u0103 \u00ee\u021bi ofere confortul unei locuin\u021be contemporane, luminozitate pe tot parcursul zilei \u0219i priveli\u0219te panoramic\u0103 \u2013 beneficiezi de toate acestea \u00een Boreal Plus, ansamblul reziden\u021bial care te \u00eendeamn\u0103 s\u0103 experimentezi perfec\u021biunea \u0219i confortul, la cel mai bun raport calitate &#8211; pre\u021b.<\/p>","protected":false},"excerpt":{"rendered":"<p>Se spune c\u0103 sim\u021bim atunci c\u00e2nd vedem ceva ce este menit s\u0103 fie al nostru, \u00a0motiv pentru care te invit\u0103m s\u0103 faci o plimbare virtual\u0103 prin Boreal Plus, ca \u00eentr-o incursiune \u00een viitoarea ta locuin\u021b\u0103, c\u0103reia \u00eei vei spune ACAS\u0102. Compartiment\u0103ri care favorizeaz\u0103 activit\u0103\u021bile de peste zi, dot\u0103ri \u0219i facilit\u0103\u021bi menite s\u0103 \u00ee\u021bi ofere confortul [&hellip;]<\/p>\n","protected":false},"author":6,"featured_media":0,"parent":0,"menu_order":0,"comment_status":"closed","ping_status":"closed","template":"tours.php","meta":{"footnotes":""},"class_list":["post-8570","page","type-page","status-publish","hentry"],"yoast_head":"<!-- This site is optimized with the Yoast SEO plugin v27.3 - https:\/\/yoast.com\/product\/yoast-seo-wordpress\/ -->\n<title>Tur Virtual - Boreal Plus<\/title>\n<meta name=\"robots\" content=\"index, follow, max-snippet:-1, max-image-preview:large, max-video-preview:-1\" \/>\n<link rel=\"canonical\" href=\"https:\/\/boreal-plus.ro\/en\/virtual-tour-2\/\" \/>\n<meta property=\"og:locale\" content=\"en_US\" \/>\n<meta property=\"og:type\" content=\"article\" \/>\n<meta property=\"og:title\" content=\"Tur Virtual - Boreal Plus\" \/>\n<meta property=\"og:description\" content=\"Se spune c\u0103 sim\u021bim atunci c\u00e2nd vedem ceva ce este menit s\u0103 fie al nostru, \u00a0motiv pentru care te invit\u0103m s\u0103 faci o plimbare virtual\u0103 prin Boreal Plus, ca \u00eentr-o incursiune \u00een viitoarea ta locuin\u021b\u0103, c\u0103reia \u00eei vei spune ACAS\u0102. Compartiment\u0103ri care favorizeaz\u0103 activit\u0103\u021bile de peste zi, dot\u0103ri \u0219i facilit\u0103\u021bi menite s\u0103 \u00ee\u021bi ofere confortul [&hellip;]\" \/>\n<meta property=\"og:url\" content=\"https:\/\/boreal-plus.ro\/en\/virtual-tour-2\/\" \/>\n<meta property=\"og:site_name\" content=\"Boreal Plus\" \/>\n<meta property=\"article:modified_time\" content=\"2021-04-21T13:07:40+00:00\" \/>\n<meta name=\"twitter:card\" content=\"summary_large_image\" \/>\n<meta name=\"twitter:label1\" content=\"Est. reading time\" \/>\n\t<meta name=\"twitter:data1\" content=\"1 minute\" \/>\n<script type=\"application\/ld+json\" class=\"yoast-schema-graph\">{\"@context\":\"https:\\\/\\\/schema.org\",\"@graph\":[{\"@type\":\"WebPage\",\"@id\":\"https:\\\/\\\/boreal-plus.ro\\\/tur-virtual\\\/\",\"url\":\"https:\\\/\\\/boreal-plus.ro\\\/tur-virtual\\\/\",\"name\":\"Tur Virtual - Boreal Plus\",\"isPartOf\":{\"@id\":\"https:\\\/\\\/boreal-plus.ro\\\/#website\"},\"datePublished\":\"2021-04-16T13:03:40+00:00\",\"dateModified\":\"2021-04-21T13:07:40+00:00\",\"breadcrumb\":{\"@id\":\"https:\\\/\\\/boreal-plus.ro\\\/tur-virtual\\\/#breadcrumb\"},\"inLanguage\":\"en-US\",\"potentialAction\":[{\"@type\":\"ReadAction\",\"target\":[\"https:\\\/\\\/boreal-plus.ro\\\/tur-virtual\\\/\"]}]},{\"@type\":\"BreadcrumbList\",\"@id\":\"https:\\\/\\\/boreal-plus.ro\\\/tur-virtual\\\/#breadcrumb\",\"itemListElement\":[{\"@type\":\"ListItem\",\"position\":1,\"name\":\"Home\",\"item\":\"https:\\\/\\\/boreal-plus.ro\\\/\"},{\"@type\":\"ListItem\",\"position\":2,\"name\":\"Tur Virtual\"}]},{\"@type\":\"WebSite\",\"@id\":\"https:\\\/\\\/boreal-plus.ro\\\/#website\",\"url\":\"https:\\\/\\\/boreal-plus.ro\\\/\",\"name\":\"Boreal Plus\",\"description\":\"Apartamente \u0219i case de v\u00e2nzare BOREAL Constan\u021ba\",\"publisher\":{\"@id\":\"https:\\\/\\\/boreal-plus.ro\\\/#organization\"},\"potentialAction\":[{\"@type\":\"SearchAction\",\"target\":{\"@type\":\"EntryPoint\",\"urlTemplate\":\"https:\\\/\\\/boreal-plus.ro\\\/?s={search_term_string}\"},\"query-input\":{\"@type\":\"PropertyValueSpecification\",\"valueRequired\":true,\"valueName\":\"search_term_string\"}}],\"inLanguage\":\"en-US\"},{\"@type\":\"Organization\",\"@id\":\"https:\\\/\\\/boreal-plus.ro\\\/#organization\",\"name\":\"Boreal Plus\",\"url\":\"https:\\\/\\\/boreal-plus.ro\\\/\",\"logo\":{\"@type\":\"ImageObject\",\"inLanguage\":\"en-US\",\"@id\":\"https:\\\/\\\/boreal-plus.ro\\\/#\\\/schema\\\/logo\\\/image\\\/\",\"url\":\"\",\"contentUrl\":\"\",\"caption\":\"Boreal Plus\"},\"image\":{\"@id\":\"https:\\\/\\\/boreal-plus.ro\\\/#\\\/schema\\\/logo\\\/image\\\/\"}}]}<\/script>\n<!-- \/ Yoast SEO plugin. -->","yoast_head_json":{"title":"Tur Virtual - Boreal Plus","robots":{"index":"index","follow":"follow","max-snippet":"max-snippet:-1","max-image-preview":"max-image-preview:large","max-video-preview":"max-video-preview:-1"},"canonical":"https:\/\/boreal-plus.ro\/en\/virtual-tour-2\/","og_locale":"en_US","og_type":"article","og_title":"Tur Virtual - Boreal Plus","og_description":"Se spune c\u0103 sim\u021bim atunci c\u00e2nd vedem ceva ce este menit s\u0103 fie al nostru, \u00a0motiv pentru care te invit\u0103m s\u0103 faci o plimbare virtual\u0103 prin Boreal Plus, ca \u00eentr-o incursiune \u00een viitoarea ta locuin\u021b\u0103, c\u0103reia \u00eei vei spune ACAS\u0102. Compartiment\u0103ri care favorizeaz\u0103 activit\u0103\u021bile de peste zi, dot\u0103ri \u0219i facilit\u0103\u021bi menite s\u0103 \u00ee\u021bi ofere confortul [&hellip;]","og_url":"https:\/\/boreal-plus.ro\/en\/virtual-tour-2\/","og_site_name":"Boreal Plus","article_modified_time":"2021-04-21T13:07:40+00:00","twitter_card":"summary_large_image","twitter_misc":{"Est. reading time":"1 minute"},"schema":{"@context":"https:\/\/schema.org","@graph":[{"@type":"WebPage","@id":"https:\/\/boreal-plus.ro\/tur-virtual\/","url":"https:\/\/boreal-plus.ro\/tur-virtual\/","name":"Tur Virtual - Boreal Plus","isPartOf":{"@id":"https:\/\/boreal-plus.ro\/#website"},"datePublished":"2021-04-16T13:03:40+00:00","dateModified":"2021-04-21T13:07:40+00:00","breadcrumb":{"@id":"https:\/\/boreal-plus.ro\/tur-virtual\/#breadcrumb"},"inLanguage":"en-US","potentialAction":[{"@type":"ReadAction","target":["https:\/\/boreal-plus.ro\/tur-virtual\/"]}]},{"@type":"BreadcrumbList","@id":"https:\/\/boreal-plus.ro\/tur-virtual\/#breadcrumb","itemListElement":[{"@type":"ListItem","position":1,"name":"Home","item":"https:\/\/boreal-plus.ro\/"},{"@type":"ListItem","position":2,"name":"Tur Virtual"}]},{"@type":"WebSite","@id":"https:\/\/boreal-plus.ro\/#website","url":"https:\/\/boreal-plus.ro\/","name":"Boreal Plus","description":"Apartments and houses for sale BOREAL Constan\u021ba","publisher":{"@id":"https:\/\/boreal-plus.ro\/#organization"},"potentialAction":[{"@type":"SearchAction","target":{"@type":"EntryPoint","urlTemplate":"https:\/\/boreal-plus.ro\/?s={search_term_string}"},"query-input":{"@type":"PropertyValueSpecification","valueRequired":true,"valueName":"search_term_string"}}],"inLanguage":"en-US"},{"@type":"Organization","@id":"https:\/\/boreal-plus.ro\/#organization","name":"Boreal Plus","url":"https:\/\/boreal-plus.ro\/","logo":{"@type":"ImageObject","inLanguage":"en-US","@id":"https:\/\/boreal-plus.ro\/#\/schema\/logo\/image\/","url":"","contentUrl":"","caption":"Boreal Plus"},"image":{"@id":"https:\/\/boreal-plus.ro\/#\/schema\/logo\/image\/"}}]}},"_links":{"self":[{"href":"https:\/\/boreal-plus.ro\/en\/wp-json\/wp\/v2\/pages\/8570","targetHints":{"allow":["GET"]}}],"collection":[{"href":"https:\/\/boreal-plus.ro\/en\/wp-json\/wp\/v2\/pages"}],"about":[{"href":"https:\/\/boreal-plus.ro\/en\/wp-json\/wp\/v2\/types\/page"}],"author":[{"embeddable":true,"href":"https:\/\/boreal-plus.ro\/en\/wp-json\/wp\/v2\/users\/6"}],"replies":[{"embeddable":true,"href":"https:\/\/boreal-plus.ro\/en\/wp-json\/wp\/v2\/comments?post=8570"}],"version-history":[{"count":0,"href":"https:\/\/boreal-plus.ro\/en\/wp-json\/wp\/v2\/pages\/8570\/revisions"}],"wp:attachment":[{"href":"https:\/\/boreal-plus.ro\/en\/wp-json\/wp\/v2\/media?parent=8570"}],"curies":[{"name":"wp","href":"https:\/\/api.w.org\/{rel}","templated":true}]}}