{"id":4130,"date":"2020-07-14T16:15:50","date_gmt":"2020-07-14T16:15:50","guid":{"rendered":"https:\/\/popescusorinflorin.ro\/demob\/?page_id=4130"},"modified":"2021-10-08T15:25:39","modified_gmt":"2021-10-08T15:25:39","slug":"villas-2","status":"publish","type":"page","link":"https:\/\/boreal-plus.ro\/en\/vile\/","title":{"rendered":"Vile"},"content":{"rendered":"<p>[vc_row row_content_width=&#8221;grid&#8221; content_text_aligment=&#8221;left&#8221; css=&#8221;.vc_custom_1608488682911{margin-right: 0px !important;margin-left: 0px !important;padding-right: 0px !important;padding-left: 0px !important;}&#8221;][vc_column css=&#8221;.vc_custom_1607074829401{margin-top: 0px !important;margin-right: 0px !important;margin-bottom: 0px !important;margin-left: 0px !important;padding-top: 0px !important;padding-right: 0px !important;padding-bottom: 0px !important;padding-left: 0px !important;}&#8221;][vc_row_inner css=&#8221;.vc_custom_1607074926985{margin-top: 0px !important;margin-right: 0px !important;margin-bottom: 0px !important;margin-left: 0px !important;padding-top: 0px !important;padding-right: 0px !important;padding-bottom: 0px !important;padding-left: 0px !important;background-color: #d4dee3 !important;}&#8221;][vc_column_inner width=&#8221;1\/2&#8243;][smartslider3 slider=&#8221;2&#8243;][\/vc_column_inner][vc_column_inner width=&#8221;1\/2&#8243; css=&#8221;.vc_custom_1607678348799{padding-bottom: 1em !important;}&#8221;][vc_column_text css=&#8221;.vc_custom_1633706728207{padding-right: 1em !important;padding-left: 0.5em !important;}&#8221;]<\/p>\n<h5><strong>VILE FINALIZATE <b>\u00ce<\/b>N CONSTAN\u021aA, ZONA PALAZU MARE<\/strong><\/h5>\n<h5><strong>Un plus de elegant\u0103 \u0219i confort!<\/strong><\/h5>\n<p>Sub titulatura unor nume cu rezonan\u021b\u0103 mitologic\u0103, Vilele VENUS \u0219i AURORA proiecteaz\u0103 aura lor magic\u0103 asupra locuin\u021belor care vor g\u0103zui noile pove\u0219ti de via\u021b\u0103.<\/p>\n<p><strong>VENUS <\/strong>este o vil\u0103 individual\u0103, construit\u0103 responsabil, cu materiale atent selectate \u0219i solu\u021bii tehnice eficiente \u0219i reprezint\u0103 o alegere potrivit\u0103 pentru persoanele care doresc lini\u0219te \u0219i intimitate.<\/p>\n<p><strong>AURORA 1<\/strong> \u0219i <strong>AURORA 2<\/strong> sunt vile construite la standarde la \u00eenalt\u0103 calitate, cu finisaje premium. Vilele sunt potrivite pentru familiile mari, sau bunii prieteni, care vor s\u0103 locuiasc\u0103 \u00eempreun\u0103, dar separat.<\/p>\n<p>Alege locuin\u021ba potrivit\u0103 stilului t\u0103u de via\u021b\u0103![\/vc_column_text][\/vc_column_inner][\/vc_row_inner][\/vc_column][\/vc_row][vc_row row_content_width=&#8221;grid&#8221; css=&#8221;.vc_custom_1605614470722{margin-bottom: 3em !important;padding-top: 28px !important;padding-bottom: 2em !important;}&#8221;][vc_column][vc_empty_space height=&#8221;2em&#8221;][edgtf_product_list info_position=&#8221;info-below-image&#8221; info_alignment=&#8221;info-to-left&#8221; buttons_alignment=&#8221;buttons-left&#8221; number_of_columns=&#8221;three&#8221; space_between_items=&#8221;normal&#8221; orderby=&#8221;date&#8221; order=&#8221;ASC&#8221; taxonomy_to_display=&#8221;category&#8221; image_size=&#8221;square&#8221; display_design_studio=&#8221;yes&#8221; display_excerpt=&#8221;yes&#8221; display_rating=&#8221;no&#8221; number_of_posts=&#8221;12&#8243; content_bottom_margin=&#8221;55px&#8221; excerpt_length=&#8221;120&#8243; taxonomy_values=&#8221;vile&#8221;][\/vc_column][\/vc_row][vc_row css_animation=&#8221;fadeInUp&#8221; css=&#8221;.vc_custom_1605547221853{margin-top: 2em !important;margin-bottom: 0px !important;padding-top: 0px !important;padding-bottom: 0px !important;background-color: #a6b9c0 !important;}&#8221; el_class=&#8221;nopadding&#8221; el_id=&#8221;newsletterRow&#8221;][vc_column][vc_row_inner row_content_width=&#8221;grid&#8221; el_class=&#8221;HomeNewsletter&#8221; css=&#8221;.vc_custom_1596614749824{margin-top: 0px !important;margin-bottom: 0px !important;padding-top: 0px !important;padding-bottom: 2em !important;}&#8221;][vc_column_inner css=&#8221;.vc_custom_1608560026772{padding-bottom: 1em !important;}&#8221;][contact-form-7 id=&#8221;7455&#8243;][\/vc_column_inner][\/vc_row_inner][\/vc_column][\/vc_row]<\/p>\n","protected":false},"excerpt":{"rendered":"<p>[vc_row row_content_width=&#8221;grid&#8221; content_text_aligment=&#8221;left&#8221; css=&#8221;.vc_custom_1608488682911{margin-right: 0px !important;margin-left: 0px !important;padding-right: 0px !important;padding-left: 0px !important;}&#8221;][vc_column css=&#8221;.vc_custom_1607074829401{margin-top: 0px !important;margin-right: 0px !important;margin-bottom: 0px !important;margin-left: 0px !important;padding-top: 0px !important;padding-right: 0px !important;padding-bottom: 0px !important;padding-left: 0px !important;}&#8221;][vc_row_inner css=&#8221;.vc_custom_1607074926985{margin-top: 0px !important;margin-right: 0px !important;margin-bottom: 0px !important;margin-left: 0px !important;padding-top: 0px !important;padding-right: 0px !important;padding-bottom: 0px !important;padding-left: 0px !important;background-color: #d4dee3 !important;}&#8221;][vc_column_inner width=&#8221;1\/2&#8243;][smartslider3 slider=&#8221;2&#8243;][\/vc_column_inner][vc_column_inner width=&#8221;1\/2&#8243; css=&#8221;.vc_custom_1607678348799{padding-bottom: 1em !important;}&#8221;][vc_column_text css=&#8221;.vc_custom_1633706728207{padding-right: [&hellip;]<\/p>\n","protected":false},"author":1,"featured_media":0,"parent":0,"menu_order":0,"comment_status":"closed","ping_status":"closed","template":"full-width.php","meta":{"footnotes":""},"class_list":["post-4130","page","type-page","status-publish","hentry"],"yoast_head":"<!-- This site is optimized with the Yoast SEO plugin v27.3 - https:\/\/yoast.com\/product\/yoast-seo-wordpress\/ -->\n<title>Vile premium Constanta Nord<\/title>\n<meta name=\"description\" content=\"Vile premium Constanta Nord\" \/>\n<meta name=\"robots\" content=\"index, follow, max-snippet:-1, max-image-preview:large, max-video-preview:-1\" \/>\n<link rel=\"canonical\" href=\"https:\/\/boreal-plus.ro\/en\/villas-2\/\" \/>\n<meta property=\"og:locale\" content=\"en_US\" \/>\n<meta property=\"og:type\" content=\"article\" \/>\n<meta property=\"og:title\" content=\"Vile premium Constanta Nord\" \/>\n<meta property=\"og:description\" content=\"Vile premium Constanta Nord\" \/>\n<meta property=\"og:url\" content=\"https:\/\/boreal-plus.ro\/en\/villas-2\/\" \/>\n<meta property=\"og:site_name\" content=\"Boreal Plus\" \/>\n<meta property=\"article:modified_time\" content=\"2021-10-08T15:25:39+00:00\" \/>\n<meta name=\"twitter:card\" content=\"summary_large_image\" \/>\n<meta name=\"twitter:label1\" content=\"Est. reading time\" \/>\n\t<meta name=\"twitter:data1\" content=\"1 minute\" \/>\n<script type=\"application\/ld+json\" class=\"yoast-schema-graph\">{\"@context\":\"https:\\\/\\\/schema.org\",\"@graph\":[{\"@type\":\"WebPage\",\"@id\":\"https:\\\/\\\/boreal-plus.ro\\\/vile\\\/\",\"url\":\"https:\\\/\\\/boreal-plus.ro\\\/vile\\\/\",\"name\":\"Vile premium Constanta Nord\",\"isPartOf\":{\"@id\":\"https:\\\/\\\/boreal-plus.ro\\\/#website\"},\"datePublished\":\"2020-07-14T16:15:50+00:00\",\"dateModified\":\"2021-10-08T15:25:39+00:00\",\"description\":\"Vile premium Constanta Nord\",\"breadcrumb\":{\"@id\":\"https:\\\/\\\/boreal-plus.ro\\\/vile\\\/#breadcrumb\"},\"inLanguage\":\"en-US\",\"potentialAction\":[{\"@type\":\"ReadAction\",\"target\":[\"https:\\\/\\\/boreal-plus.ro\\\/vile\\\/\"]}]},{\"@type\":\"BreadcrumbList\",\"@id\":\"https:\\\/\\\/boreal-plus.ro\\\/vile\\\/#breadcrumb\",\"itemListElement\":[{\"@type\":\"ListItem\",\"position\":1,\"name\":\"Home\",\"item\":\"https:\\\/\\\/boreal-plus.ro\\\/\"},{\"@type\":\"ListItem\",\"position\":2,\"name\":\"Vile\"}]},{\"@type\":\"WebSite\",\"@id\":\"https:\\\/\\\/boreal-plus.ro\\\/#website\",\"url\":\"https:\\\/\\\/boreal-plus.ro\\\/\",\"name\":\"Boreal Plus\",\"description\":\"Apartamente \u0219i case de v\u00e2nzare BOREAL Constan\u021ba\",\"publisher\":{\"@id\":\"https:\\\/\\\/boreal-plus.ro\\\/#organization\"},\"potentialAction\":[{\"@type\":\"SearchAction\",\"target\":{\"@type\":\"EntryPoint\",\"urlTemplate\":\"https:\\\/\\\/boreal-plus.ro\\\/?s={search_term_string}\"},\"query-input\":{\"@type\":\"PropertyValueSpecification\",\"valueRequired\":true,\"valueName\":\"search_term_string\"}}],\"inLanguage\":\"en-US\"},{\"@type\":\"Organization\",\"@id\":\"https:\\\/\\\/boreal-plus.ro\\\/#organization\",\"name\":\"Boreal Plus\",\"url\":\"https:\\\/\\\/boreal-plus.ro\\\/\",\"logo\":{\"@type\":\"ImageObject\",\"inLanguage\":\"en-US\",\"@id\":\"https:\\\/\\\/boreal-plus.ro\\\/#\\\/schema\\\/logo\\\/image\\\/\",\"url\":\"\",\"contentUrl\":\"\",\"caption\":\"Boreal Plus\"},\"image\":{\"@id\":\"https:\\\/\\\/boreal-plus.ro\\\/#\\\/schema\\\/logo\\\/image\\\/\"}}]}<\/script>\n<!-- \/ Yoast SEO plugin. -->","yoast_head_json":{"title":"Vile premium Constanta Nord","description":"Vile premium Constanta Nord","robots":{"index":"index","follow":"follow","max-snippet":"max-snippet:-1","max-image-preview":"max-image-preview:large","max-video-preview":"max-video-preview:-1"},"canonical":"https:\/\/boreal-plus.ro\/en\/villas-2\/","og_locale":"en_US","og_type":"article","og_title":"Vile premium Constanta Nord","og_description":"Vile premium Constanta Nord","og_url":"https:\/\/boreal-plus.ro\/en\/villas-2\/","og_site_name":"Boreal Plus","article_modified_time":"2021-10-08T15:25:39+00:00","twitter_card":"summary_large_image","twitter_misc":{"Est. reading time":"1 minute"},"schema":{"@context":"https:\/\/schema.org","@graph":[{"@type":"WebPage","@id":"https:\/\/boreal-plus.ro\/vile\/","url":"https:\/\/boreal-plus.ro\/vile\/","name":"Vile premium Constanta Nord","isPartOf":{"@id":"https:\/\/boreal-plus.ro\/#website"},"datePublished":"2020-07-14T16:15:50+00:00","dateModified":"2021-10-08T15:25:39+00:00","description":"Vile premium Constanta Nord","breadcrumb":{"@id":"https:\/\/boreal-plus.ro\/vile\/#breadcrumb"},"inLanguage":"en-US","potentialAction":[{"@type":"ReadAction","target":["https:\/\/boreal-plus.ro\/vile\/"]}]},{"@type":"BreadcrumbList","@id":"https:\/\/boreal-plus.ro\/vile\/#breadcrumb","itemListElement":[{"@type":"ListItem","position":1,"name":"Home","item":"https:\/\/boreal-plus.ro\/"},{"@type":"ListItem","position":2,"name":"Vile"}]},{"@type":"WebSite","@id":"https:\/\/boreal-plus.ro\/#website","url":"https:\/\/boreal-plus.ro\/","name":"Boreal Plus","description":"Apartments and houses for sale BOREAL Constan\u021ba","publisher":{"@id":"https:\/\/boreal-plus.ro\/#organization"},"potentialAction":[{"@type":"SearchAction","target":{"@type":"EntryPoint","urlTemplate":"https:\/\/boreal-plus.ro\/?s={search_term_string}"},"query-input":{"@type":"PropertyValueSpecification","valueRequired":true,"valueName":"search_term_string"}}],"inLanguage":"en-US"},{"@type":"Organization","@id":"https:\/\/boreal-plus.ro\/#organization","name":"Boreal Plus","url":"https:\/\/boreal-plus.ro\/","logo":{"@type":"ImageObject","inLanguage":"en-US","@id":"https:\/\/boreal-plus.ro\/#\/schema\/logo\/image\/","url":"","contentUrl":"","caption":"Boreal Plus"},"image":{"@id":"https:\/\/boreal-plus.ro\/#\/schema\/logo\/image\/"}}]}},"_links":{"self":[{"href":"https:\/\/boreal-plus.ro\/en\/wp-json\/wp\/v2\/pages\/4130","targetHints":{"allow":["GET"]}}],"collection":[{"href":"https:\/\/boreal-plus.ro\/en\/wp-json\/wp\/v2\/pages"}],"about":[{"href":"https:\/\/boreal-plus.ro\/en\/wp-json\/wp\/v2\/types\/page"}],"author":[{"embeddable":true,"href":"https:\/\/boreal-plus.ro\/en\/wp-json\/wp\/v2\/users\/1"}],"replies":[{"embeddable":true,"href":"https:\/\/boreal-plus.ro\/en\/wp-json\/wp\/v2\/comments?post=4130"}],"version-history":[{"count":0,"href":"https:\/\/boreal-plus.ro\/en\/wp-json\/wp\/v2\/pages\/4130\/revisions"}],"wp:attachment":[{"href":"https:\/\/boreal-plus.ro\/en\/wp-json\/wp\/v2\/media?parent=4130"}],"curies":[{"name":"wp","href":"https:\/\/api.w.org\/{rel}","templated":true}]}}